{"id":723,"date":"2022-02-23T14:28:02","date_gmt":"2022-02-23T14:28:02","guid":{"rendered":"http:\/\/icemedicallasers.com\/?page_id=723"},"modified":"2025-08-07T14:57:30","modified_gmt":"2025-08-07T14:57:30","slug":"ice-medical-one-2","status":"publish","type":"page","link":"https:\/\/icemedicallasers.com\/nl\/ice-medical-one-2\/","title":{"rendered":"ICE Medical One"},"content":{"rendered":"<p>[vc_row][vc_column width=&#8221;1\/2&#8243;][vc_column_text]<span data-contrast=\"auto\">De ICE Medical One maakt gebruik van de laatste ontwikkelingen in de lasertechniek. Hierdoor levert het de meest veilige behandelmethode en is deze geschikt voor elk haartype. Hiernaast zijn de behandelingen effici\u00ebnter en dus sneller, waardoor er meer klanten op \u00e9\u00e9n dag behandeld kunnen worden. <\/span><span data-ccp-props=\"{&quot;201341983&quot;:0,&quot;335559739&quot;:160,&quot;335559740&quot;:259}\">\u00a0<\/span><\/p>\n<ul>\n<li><span data-contrast=\"auto\">Nieuwste lasertechniek;<\/span><\/li>\n<li><span data-contrast=\"auto\">Meest veilige behandelmethode;<\/span><span data-ccp-props=\"{&quot;201341983&quot;:0,&quot;335559739&quot;:160,&quot;335559740&quot;:259}\">\u00a0<\/span><\/li>\n<li><span data-contrast=\"auto\">Geschikt voor elk haartype; <\/span><span data-ccp-props=\"{&quot;201341983&quot;:0,&quot;335559739&quot;:160,&quot;335559740&quot;:259}\">\u00a0<\/span><\/li>\n<li><span data-contrast=\"auto\">Snellere behandeling, dus meer klanten op een dag behandelen; <\/span><span data-ccp-props=\"{&quot;201341983&quot;:0,&quot;335559739&quot;:160,&quot;335559740&quot;:259}\">\u00a0<\/span><\/li>\n<li><span data-contrast=\"auto\">4 golflengtes in 1 kopstuk;<\/span><\/li>\n<li><span data-contrast=\"auto\">Je hoeft minder lang uit de zon te blijven;<\/span><\/li>\n<li><span data-contrast=\"auto\">Continue koelsysteem;<\/span><\/li>\n<li>Standaard geleverd met 2 koppen.<\/li>\n<\/ul>\n<p>[\/vc_column_text][\/vc_column][vc_column width=&#8221;1\/2&#8243;][vc_single_image image=&#8221;1608&#8243; img_size=&#8221;full&#8221;][\/vc_column][\/vc_row][vc_row][vc_column][vc_btn title=&#8221;Offerte aanvragen&#8221; style=&#8221;3d&#8221; color=&#8221;theme_primary_btn&#8221; link=&#8221;url:%2Fofferte-aanvragen|title:Offerte%20aanvragen||&#8221;][\/vc_column][\/vc_row]<\/p>\n","protected":false},"excerpt":{"rendered":"<p>[vc_row][vc_column width=&#8221;1\/2&#8243;][vc_column_text]De ICE Medical One maakt gebruik van de laatste ontwikkelingen in de lasertechniek. Hierdoor levert het de meest veilige behandelmethode en is deze geschikt voor elk haartype. Hiernaast zijn de behandelingen effici\u00ebnter en dus sneller, waardoor er meer klanten op \u00e9\u00e9n dag behandeld kunnen worden. \u00a0 Nieuwste lasertechniek; Meest veilige behandelmethode;\u00a0 Geschikt voor elk &hellip; <a href=\"https:\/\/icemedicallasers.com\/nl\/ice-medical-one-2\/\" class=\"more-link\" title=\"Continue reading <span class=\"screen-reader-text\">ICE Medical One<\/span>&#8220;>Continue reading <span class=\"screen-reader-text\">ICE Medical One<\/span><\/a><\/p>\n","protected":false},"author":1,"featured_media":0,"parent":0,"menu_order":0,"comment_status":"closed","ping_status":"closed","template":"","meta":{"footnotes":""},"class_list":["post-723","page","type-page","status-publish","hentry"],"yoast_head":"<!-- This site is optimized with the Yoast SEO plugin v27.4 - https:\/\/yoast.com\/product\/yoast-seo-wordpress\/ -->\n<title>ICE Medical One - ICE Medical Lasers<\/title>\n<meta name=\"description\" content=\"Ontdek de ICE Medical One: de meest veilige en effici\u00ebnte laserontharingstechniek op de markt, geschikt voor alle haartypes met een uniek 3-golflengte kopstuk en continu koelsysteem.\" \/>\n<meta name=\"robots\" content=\"index, follow, max-snippet:-1, max-image-preview:large, max-video-preview:-1\" \/>\n<link rel=\"canonical\" href=\"https:\/\/icemedicallasers.com\/nl\/ice-medical-one-2\/\" \/>\n<meta property=\"og:locale\" content=\"nl_NL\" \/>\n<meta property=\"og:type\" content=\"article\" \/>\n<meta property=\"og:title\" content=\"ICE Medical One - ICE Medical Lasers\" \/>\n<meta property=\"og:description\" content=\"Ontdek de ICE Medical One: de meest veilige en effici\u00ebnte laserontharingstechniek op de markt, geschikt voor alle haartypes met een uniek 3-golflengte kopstuk en continu koelsysteem.\" \/>\n<meta property=\"og:url\" content=\"https:\/\/icemedicallasers.com\/nl\/ice-medical-one-2\/\" \/>\n<meta property=\"og:site_name\" content=\"ICE Medical Lasers\" \/>\n<meta property=\"article:modified_time\" content=\"2025-08-07T14:57:30+00:00\" \/>\n<meta name=\"twitter:card\" content=\"summary_large_image\" \/>\n<meta name=\"twitter:label1\" content=\"Geschatte leestijd\" \/>\n\t<meta name=\"twitter:data1\" content=\"1 minuut\" \/>\n<script type=\"application\/ld+json\" class=\"yoast-schema-graph\">{\"@context\":\"https:\\\/\\\/schema.org\",\"@graph\":[{\"@type\":\"WebPage\",\"@id\":\"https:\\\/\\\/icemedicallasers.com\\\/nl\\\/ice-medical-one-2\\\/\",\"url\":\"https:\\\/\\\/icemedicallasers.com\\\/nl\\\/ice-medical-one-2\\\/\",\"name\":\"ICE Medical One - ICE Medical Lasers\",\"isPartOf\":{\"@id\":\"https:\\\/\\\/icemedicallasers.com\\\/nl\\\/#website\"},\"datePublished\":\"2022-02-23T14:28:02+00:00\",\"dateModified\":\"2025-08-07T14:57:30+00:00\",\"description\":\"Ontdek de ICE Medical One: de meest veilige en effici\u00ebnte laserontharingstechniek op de markt, geschikt voor alle haartypes met een uniek 3-golflengte kopstuk en continu koelsysteem.\",\"breadcrumb\":{\"@id\":\"https:\\\/\\\/icemedicallasers.com\\\/nl\\\/ice-medical-one-2\\\/#breadcrumb\"},\"inLanguage\":\"nl-NL\",\"potentialAction\":[{\"@type\":\"ReadAction\",\"target\":[\"https:\\\/\\\/icemedicallasers.com\\\/nl\\\/ice-medical-one-2\\\/\"]}]},{\"@type\":\"BreadcrumbList\",\"@id\":\"https:\\\/\\\/icemedicallasers.com\\\/nl\\\/ice-medical-one-2\\\/#breadcrumb\",\"itemListElement\":[{\"@type\":\"ListItem\",\"position\":1,\"name\":\"Home\",\"item\":\"https:\\\/\\\/icemedicallasers.com\\\/nl\\\/\"},{\"@type\":\"ListItem\",\"position\":2,\"name\":\"ICE Medical One\"}]},{\"@type\":\"WebSite\",\"@id\":\"https:\\\/\\\/icemedicallasers.com\\\/nl\\\/#website\",\"url\":\"https:\\\/\\\/icemedicallasers.com\\\/nl\\\/\",\"name\":\"ICE Medical Lasers\",\"description\":\"Groothandel medische lasers.\",\"potentialAction\":[{\"@type\":\"SearchAction\",\"target\":{\"@type\":\"EntryPoint\",\"urlTemplate\":\"https:\\\/\\\/icemedicallasers.com\\\/nl\\\/?s={search_term_string}\"},\"query-input\":{\"@type\":\"PropertyValueSpecification\",\"valueRequired\":true,\"valueName\":\"search_term_string\"}}],\"inLanguage\":\"nl-NL\"}]}<\/script>\n<!-- \/ Yoast SEO plugin. -->","yoast_head_json":{"title":"ICE Medical One - ICE Medical Lasers","description":"Ontdek de ICE Medical One: de meest veilige en effici\u00ebnte laserontharingstechniek op de markt, geschikt voor alle haartypes met een uniek 3-golflengte kopstuk en continu koelsysteem.","robots":{"index":"index","follow":"follow","max-snippet":"max-snippet:-1","max-image-preview":"max-image-preview:large","max-video-preview":"max-video-preview:-1"},"canonical":"https:\/\/icemedicallasers.com\/nl\/ice-medical-one-2\/","og_locale":"nl_NL","og_type":"article","og_title":"ICE Medical One - ICE Medical Lasers","og_description":"Ontdek de ICE Medical One: de meest veilige en effici\u00ebnte laserontharingstechniek op de markt, geschikt voor alle haartypes met een uniek 3-golflengte kopstuk en continu koelsysteem.","og_url":"https:\/\/icemedicallasers.com\/nl\/ice-medical-one-2\/","og_site_name":"ICE Medical Lasers","article_modified_time":"2025-08-07T14:57:30+00:00","twitter_card":"summary_large_image","twitter_misc":{"Geschatte leestijd":"1 minuut"},"schema":{"@context":"https:\/\/schema.org","@graph":[{"@type":"WebPage","@id":"https:\/\/icemedicallasers.com\/nl\/ice-medical-one-2\/","url":"https:\/\/icemedicallasers.com\/nl\/ice-medical-one-2\/","name":"ICE Medical One - ICE Medical Lasers","isPartOf":{"@id":"https:\/\/icemedicallasers.com\/nl\/#website"},"datePublished":"2022-02-23T14:28:02+00:00","dateModified":"2025-08-07T14:57:30+00:00","description":"Ontdek de ICE Medical One: de meest veilige en effici\u00ebnte laserontharingstechniek op de markt, geschikt voor alle haartypes met een uniek 3-golflengte kopstuk en continu koelsysteem.","breadcrumb":{"@id":"https:\/\/icemedicallasers.com\/nl\/ice-medical-one-2\/#breadcrumb"},"inLanguage":"nl-NL","potentialAction":[{"@type":"ReadAction","target":["https:\/\/icemedicallasers.com\/nl\/ice-medical-one-2\/"]}]},{"@type":"BreadcrumbList","@id":"https:\/\/icemedicallasers.com\/nl\/ice-medical-one-2\/#breadcrumb","itemListElement":[{"@type":"ListItem","position":1,"name":"Home","item":"https:\/\/icemedicallasers.com\/nl\/"},{"@type":"ListItem","position":2,"name":"ICE Medical One"}]},{"@type":"WebSite","@id":"https:\/\/icemedicallasers.com\/nl\/#website","url":"https:\/\/icemedicallasers.com\/nl\/","name":"ICE Medical Lasers","description":"Groothandel medische lasers.","potentialAction":[{"@type":"SearchAction","target":{"@type":"EntryPoint","urlTemplate":"https:\/\/icemedicallasers.com\/nl\/?s={search_term_string}"},"query-input":{"@type":"PropertyValueSpecification","valueRequired":true,"valueName":"search_term_string"}}],"inLanguage":"nl-NL"}]}},"_links":{"self":[{"href":"https:\/\/icemedicallasers.com\/nl\/wp-json\/wp\/v2\/pages\/723","targetHints":{"allow":["GET"]}}],"collection":[{"href":"https:\/\/icemedicallasers.com\/nl\/wp-json\/wp\/v2\/pages"}],"about":[{"href":"https:\/\/icemedicallasers.com\/nl\/wp-json\/wp\/v2\/types\/page"}],"author":[{"embeddable":true,"href":"https:\/\/icemedicallasers.com\/nl\/wp-json\/wp\/v2\/users\/1"}],"replies":[{"embeddable":true,"href":"https:\/\/icemedicallasers.com\/nl\/wp-json\/wp\/v2\/comments?post=723"}],"version-history":[{"count":14,"href":"https:\/\/icemedicallasers.com\/nl\/wp-json\/wp\/v2\/pages\/723\/revisions"}],"predecessor-version":[{"id":1621,"href":"https:\/\/icemedicallasers.com\/nl\/wp-json\/wp\/v2\/pages\/723\/revisions\/1621"}],"wp:attachment":[{"href":"https:\/\/icemedicallasers.com\/nl\/wp-json\/wp\/v2\/media?parent=723"}],"curies":[{"name":"wp","href":"https:\/\/api.w.org\/{rel}","templated":true}]}}