{"id":741,"date":"2022-02-23T20:01:15","date_gmt":"2022-02-23T20:01:15","guid":{"rendered":"http:\/\/icemedicallasers.com\/?page_id=741"},"modified":"2023-12-22T12:17:16","modified_gmt":"2023-12-22T12:17:16","slug":"hoofdpagina","status":"publish","type":"page","link":"https:\/\/icemedicallasers.com\/nl\/hoofdpagina\/","title":{"rendered":"Hoofdpagina"},"content":{"rendered":"<p>[vc_row][vc_column]\n\t\t\t<!-- START Sliderhoofdpagina REVOLUTION SLIDER 6.5.15 --><p class=\"rs-p-wp-fix\"><\/p>\n\t\t\t<rs-module-wrap id=\"rev_slider_2_1_wrapper\" data-source=\"gallery\" style=\"visibility:hidden;background:#111c24;padding:0;margin:0px auto;margin-top:0;margin-bottom:0;\">\n\t\t\t\t<rs-module id=\"rev_slider_2_1\" style=\"\" data-version=\"6.5.15\">\n\t\t\t\t\t<rs-slides>\n\t\t\t\t\t\t<rs-slide style=\"position: absolute;\" data-key=\"rs-3\" data-title=\"Slide\" data-anim=\"f:random;\" data-in=\"o:0;sx:1.1;sy:1.1;m:true;row:5;col:5;\" data-out=\"a:false;\">\n\t\t\t\t\t\t\t<img fetchpriority=\"high\" decoding=\"async\" src=\"\/\/icemedicallasers.com\/wp-content\/plugins\/revslider\/public\/assets\/assets\/dummy.png\" alt=\"\" title=\"icemedical-slide (6)\" width=\"1440\" height=\"700\" class=\"rev-slidebg tp-rs-img rs-lazyload\" data-lazyload=\"\/\/icemedicallasers.com\/wp-content\/uploads\/2022\/02\/icemedical-slide-6.png\" data-no-retina>\n<!--\n\t\t\t\t\t\t\t--><p\n\t\t\t\t\t\t\t\tid=\"slider-2-slide-3-layer-2\" \n\t\t\t\t\t\t\t\tclass=\"rs-layer\"\n\t\t\t\t\t\t\t\tdata-type=\"text\"\n\t\t\t\t\t\t\t\tdata-color=\"#1c72b9||#1c72b9||#1c72b9||rgba(255, 255, 255, 1)\"\n\t\t\t\t\t\t\t\tdata-rsp_ch=\"on\"\n\t\t\t\t\t\t\t\tdata-xy=\"xo:19px,19px,19px,20px;y:m;yo:-97px,-97px,-97px,-96px;\"\n\t\t\t\t\t\t\t\tdata-text=\"s:64,64,64,44;l:64,64,64,44;ls:4px;fw:700;a:inherit;\"\n\t\t\t\t\t\t\t\tdata-frame_0=\"y:100%;\"\n\t\t\t\t\t\t\t\tdata-frame_1=\"e:power4.inOut;st:380;sp:2000;sR:380;\"\n\t\t\t\t\t\t\t\tdata-frame_999=\"o:0;st:w;sR:6620;\"\n\t\t\t\t\t\t\t\tstyle=\"z-index:6;font-family:'Oswald';cursor:pointer;\"\n\t\t\t\t\t\t\t>ICE MEDICAL ONE \n\t\t\t\t\t\t\t<\/p><!--\n\n\t\t\t\t\t\t\t--><p\n\t\t\t\t\t\t\t\tid=\"slider-2-slide-3-layer-3\" \n\t\t\t\t\t\t\t\tclass=\"rs-layer tp-shape tp-shapewrapper\"\n\t\t\t\t\t\t\t\tdata-type=\"shape\"\n\t\t\t\t\t\t\t\tdata-rsp_ch=\"on\"\n\t\t\t\t\t\t\t\tdata-xy=\"xo:20px;y:m;yo:-28px;\"\n\t\t\t\t\t\t\t\tdata-text=\"a:inherit;\"\n\t\t\t\t\t\t\t\tdata-dim=\"w:164px;h:4px;\"\n\t\t\t\t\t\t\t\tdata-frame_0=\"x:-100%;o:1;\"\n\t\t\t\t\t\t\t\tdata-frame_1=\"st:1560;sp:1500;sR:1560;\"\n\t\t\t\t\t\t\t\tdata-frame_999=\"o:0;st:w;sR:5940;\"\n\t\t\t\t\t\t\t\tstyle=\"z-index:7;background-color:rgba(63,179,255,1);cursor:pointer;\"\n\t\t\t\t\t\t\t> \n\t\t\t\t\t\t\t<\/p><!--\n\n\t\t\t\t\t\t\t--><p\n\t\t\t\t\t\t\t\tid=\"slider-2-slide-3-layer-4\" \n\t\t\t\t\t\t\t\tclass=\"rs-layer\"\n\t\t\t\t\t\t\t\tdata-type=\"text\"\n\t\t\t\t\t\t\t\tdata-color=\"#1c72b9||#1c72b9||#1c72b9||#ffffff\"\n\t\t\t\t\t\t\t\tdata-rsp_ch=\"on\"\n\t\t\t\t\t\t\t\tdata-xy=\"xo:20px,20px,20px,18px;y:m;yo:49px;\"\n\t\t\t\t\t\t\t\tdata-text=\"s:16;l:22;a:inherit;\"\n\t\t\t\t\t\t\t\tdata-dim=\"w:466px,466px,466px,442px;h:89px,89px,89px,90px;\"\n\t\t\t\t\t\t\t\tdata-frame_0=\"y:100%;\"\n\t\t\t\t\t\t\t\tdata-frame_1=\"e:power4.inOut;st:380;sp:2000;sR:380;\"\n\t\t\t\t\t\t\t\tdata-frame_999=\"o:0;st:w;sR:6620;\"\n\t\t\t\t\t\t\t\tstyle=\"z-index:8;font-family:'Open Sans';cursor:pointer;\"\n\t\t\t\t\t\t\t>De nieuwste technologie in laserontharing.<br>Bewezen effectief, pijnloos ontharen voor elk haartype!\n \n\t\t\t\t\t\t\t<\/p><!--\n\n\t\t\t\t\t\t\t--><p\n\t\t\t\t\t\t\t\tid=\"slider-2-slide-3-layer-8\" \n\t\t\t\t\t\t\t\tclass=\"rs-layer rev-btn\"\n\t\t\t\t\t\t\t\tdata-type=\"button\"\n\t\t\t\t\t\t\t\tdata-color=\"#1c72b9\"\n\t\t\t\t\t\t\t\tdata-xy=\"xo:20px;y:m;yo:101px;\"\n\t\t\t\t\t\t\t\tdata-text=\"s:17;l:17;ls:2px;a:inherit;\"\n\t\t\t\t\t\t\t\tdata-padding=\"t:12;r:35;b:12;l:35;\"\n\t\t\t\t\t\t\t\tdata-border=\"bos:solid;boc:#3fb3ff;bow:3px,3px,3px,3px;bor:30px,30px,30px,30px;\"\n\t\t\t\t\t\t\t\tdata-frame_0=\"y:100%;\"\n\t\t\t\t\t\t\t\tdata-frame_1=\"e:power4.inOut;st:370;sp:2000;sR:370;\"\n\t\t\t\t\t\t\t\tdata-frame_999=\"o:0;st:w;sR:6630;\"\n\t\t\t\t\t\t\t\tdata-frame_hover=\"c:#fff;bgc:#3fb3ff;boc:#3fb3ff;bor:30px,30px,30px,30px;bos:solid;bow:3px,3px,3px,3px;oX:50;oY:50;sp:0;e:none;\"\n\t\t\t\t\t\t\t\tstyle=\"z-index:9;font-family:'Oswald';cursor:pointer;outline:none;box-shadow:none;box-sizing:border-box;-moz-box-sizing:border-box;-webkit-box-sizing:border-box;\"\n\t\t\t\t\t\t\t>MEER INFORMATIE \n\t\t\t\t\t\t\t<\/p><!--\n-->\t\t\t\t\t\t<\/rs-slide>\n\t\t\t\t\t<\/rs-slides>\n\t\t\t\t<\/rs-module>\n\t\t\t\t<script>\n\t\t\t\t\tsetREVStartSize({c: 'rev_slider_2_1',rl:[1240,1240,778,480],el:[550,550,560,620],gw:[1170,1170,778,480],gh:[550,550,560,620],type:'standard',justify:'',layout:'fullwidth',mh:\"0\"});if (window.RS_MODULES!==undefined && window.RS_MODULES.modules!==undefined && window.RS_MODULES.modules[\"revslider21\"]!==undefined) {window.RS_MODULES.modules[\"revslider21\"].once = false;window.revapi2 = undefined;if (window.RS_MODULES.checkMinimal!==undefined) window.RS_MODULES.checkMinimal()}\n\t\t\t\t<\/script>\n\t\t\t<\/rs-module-wrap>\n\t\t\t<!-- END REVOLUTION SLIDER -->\n[\/vc_column][\/vc_row][vc_row full_width=&#8221;stretch_row&#8221; equal_height=&#8221;yes&#8221; content_placement=&#8221;middle&#8221; css=&#8221;.vc_custom_1500315016123{padding-top: 0px !important;padding-bottom: 50px !important;background-color: #f5f5f5 !important;background-position: center !important;background-repeat: no-repeat !important;background-size: cover !important;}&#8221;][vc_column width=&#8221;1\/2&#8243; css=&#8221;.vc_custom_1500056048532{padding-top: 70px !important;}&#8221;][vc_custom_heading text=&#8221;ICE Medical One&#8221; font_container=&#8221;tag:h2|font_size:2.5rem|text_align:left&#8221; use_theme_fonts=&#8221;yes&#8221; css=&#8221;.vc_custom_1645651516478{margin-bottom: 50px !important;}&#8221;][vc_column_text css=&#8221;.vc_custom_1645651496936{padding-right: 30px !important;}&#8221;]<span style=\"font-size: 14pt;\"><strong><span style=\"color: #002f86;\">Revolutionaire ontwikkeling in laserontharing.<\/span><\/strong><\/span><\/p>\n<p><span class=\"TextRun SCXW60383948 BCX0\" lang=\"NL-NL\" xml:lang=\"NL-NL\" data-contrast=\"auto\"><span class=\"NormalTextRun SCXW60383948 BCX0\">De ICE <\/span><span class=\"SpellingError SCXW60383948 BCX0\">Medical<\/span> <span class=\"SpellingError SCXW60383948 BCX0\">One<\/span><span class=\"NormalTextRun SCXW60383948 BCX0\"> maakt gebruik van de laatste ontwikkelingen in lasertechniek. Hierdoor levert het de meest veilige behandelmethode en is deze geschikt voor elk haartype. Hiernaast zijn de behandelingen effici\u00ebnter en dus sneller, waardoor er meer klanten op \u00e9\u00e9n dag behandeld kunnen worden. <\/span><\/span><span class=\"EOP SCXW60383948 BCX0\" data-ccp-props=\"{&quot;201341983&quot;:0,&quot;335559739&quot;:160,&quot;335559740&quot;:259}\">\u00a0<\/span><\/p>\n<p><a href=\"\/ice-medical-one\">Meer informatie<\/a>[\/vc_column_text][\/vc_column][vc_column width=&#8221;1\/2&#8243;][vc_single_image image=&#8221;830&#8243; img_size=&#8221;full&#8221;][\/vc_column][\/vc_row][vc_row css=&#8221;.vc_custom_1500228421279{padding-top: 60px !important;padding-bottom: 60px !important;}&#8221;][vc_column width=&#8221;1\/2&#8243;][vc_custom_heading text=&#8221;NEEM CONTACT OP&#8221; font_container=&#8221;tag:h2|font_size:42px|text_align:left&#8221; use_theme_fonts=&#8221;yes&#8221; css=&#8221;.vc_custom_1645646544107{margin-bottom: 20px !important;}&#8221;][vc_column_text]<\/p>\n<p class=\"lead\">E: info@icemedicallasers.com<br \/>\nT: 020 &#8211; 3694680<\/p>\n<p class=\"lead\">Ons team staat klaar voor jou en jouw vragen. Dus als je meer wilt weten over ons, ons bedrijf of laseroplossingen: wij zijn er voor jou.<\/p>\n<p class=\"lead\">We zijn geopend van maandag tot en met vrijdag van 09:00 tot 17:00. Wij streven ernaar om binnen 48 uur te reageren.<\/p>\n<p>[\/vc_column_text][\/vc_column][vc_column width=&#8221;5\/12&#8243; offset=&#8221;vc_col-lg-offset-1 vc_col-md-offset-1&#8243;]\n<div class=\"wpcf7 no-js\" id=\"wpcf7-f805-o1\" lang=\"nl-NL\" dir=\"ltr\" data-wpcf7-id=\"805\">\n<div class=\"screen-reader-response\"><p role=\"status\" aria-live=\"polite\" aria-atomic=\"true\"><\/p> <ul><\/ul><\/div>\n<form action=\"\/nl\/wp-json\/wp\/v2\/pages\/741#wpcf7-f805-o1\" method=\"post\" class=\"wpcf7-form init\" aria-label=\"Contactformulier\" novalidate=\"novalidate\" data-status=\"init\">\n<fieldset class=\"hidden-fields-container\"><input type=\"hidden\" name=\"_wpcf7\" value=\"805\" \/><input type=\"hidden\" name=\"_wpcf7_version\" value=\"6.1.5\" \/><input type=\"hidden\" name=\"_wpcf7_locale\" value=\"nl_NL\" \/><input type=\"hidden\" name=\"_wpcf7_unit_tag\" value=\"wpcf7-f805-o1\" \/><input type=\"hidden\" name=\"_wpcf7_container_post\" value=\"0\" \/><input type=\"hidden\" name=\"_wpcf7_posted_data_hash\" value=\"\" \/>\n<\/fieldset>\n<p><label> Bedrijfsnaam <span class=\"wpcf7-form-control-wrap\" data-name=\"bedrijfsnaam\"><input size=\"40\" maxlength=\"400\" class=\"wpcf7-form-control wpcf7-text wpcf7-validates-as-required\" aria-required=\"true\" aria-invalid=\"false\" value=\"\" type=\"text\" name=\"bedrijfsnaam\" \/><\/span> <\/label>\n<\/p>\n<p><label> Contactpersoon<br \/>\n<span class=\"wpcf7-form-control-wrap\" data-name=\"your-name\"><input size=\"40\" maxlength=\"400\" class=\"wpcf7-form-control wpcf7-text wpcf7-validates-as-required\" aria-required=\"true\" aria-invalid=\"false\" value=\"\" type=\"text\" name=\"your-name\" \/><\/span> <\/label><br \/>\n<label> In welke plaats is de kliniek gevestigd? <span class=\"wpcf7-form-control-wrap\" data-name=\"text-100\"><input size=\"40\" maxlength=\"400\" class=\"wpcf7-form-control wpcf7-text wpcf7-validates-as-required\" aria-required=\"true\" aria-invalid=\"false\" value=\"\" type=\"text\" name=\"text-100\" \/><\/span><\/label>\n<\/p>\n<p><label> Telefoonnummer<span class=\"wpcf7-form-control-wrap\" data-name=\"telefoonnummer02\"><input size=\"40\" maxlength=\"400\" class=\"wpcf7-form-control wpcf7-tel wpcf7-validates-as-required wpcf7-text wpcf7-validates-as-tel\" aria-required=\"true\" aria-invalid=\"false\" value=\"\" type=\"tel\" name=\"telefoonnummer02\" \/><\/span> <\/label>\n<\/p>\n<p><label> E-mail adres <span class=\"wpcf7-form-control-wrap\" data-name=\"your-email\"><input size=\"40\" maxlength=\"400\" class=\"wpcf7-form-control wpcf7-email wpcf7-validates-as-required wpcf7-text wpcf7-validates-as-email\" aria-required=\"true\" aria-invalid=\"false\" value=\"\" type=\"email\" name=\"your-email\" \/><\/span> <\/label>\n<\/p>\n<p><label>Wat voor offerte wilt u ontvangen (meerdere keuzes mogelijk)<br \/>\n<span class=\"wpcf7-form-control-wrap\" data-name=\"checkbox-168\"><span class=\"wpcf7-form-control wpcf7-checkbox wpcf7-validates-as-required\"><span class=\"wpcf7-list-item first\"><label><input type=\"checkbox\" name=\"checkbox-168[]\" value=\"Huur\" \/><span class=\"wpcf7-list-item-label\">Huur<\/span><\/label><\/span><span class=\"wpcf7-list-item\"><label><input type=\"checkbox\" name=\"checkbox-168[]\" value=\"Lease\" \/><span class=\"wpcf7-list-item-label\">Lease<\/span><\/label><\/span><span class=\"wpcf7-list-item last\"><label><input type=\"checkbox\" name=\"checkbox-168[]\" value=\"Koop\" \/><span class=\"wpcf7-list-item-label\">Koop<\/span><\/label><\/span><\/span><\/span> <\/label>\n<\/p>\n<p><label><span class=\"wpcf7-form-control-wrap\" data-name=\"quiz-189\"><label><span class=\"wpcf7-quiz-label\">Hoeveel is 6 + 2?<\/span> <input size=\"40\" class=\"wpcf7-form-control wpcf7-quiz\" autocomplete=\"off\" aria-required=\"true\" aria-invalid=\"false\" type=\"text\" name=\"quiz-189\" \/><\/label><input type=\"hidden\" name=\"_wpcf7_quiz_answer_quiz-189\" value=\"3eb4f960b5f5a3d5ea0ff5af7ea72243\" \/><\/span><\/label>\n<\/p>\n<p><input class=\"wpcf7-form-control wpcf7-submit has-spinner\" type=\"submit\" value=\"Offerte aanvragen\" \/>\n<\/p><div class=\"wpcf7-response-output\" aria-hidden=\"true\"><\/div>\n<\/form>\n<\/div>\n[\/vc_column][\/vc_row][vc_row full_width=&#8221;stretch_row&#8221; equal_height=&#8221;yes&#8221; content_placement=&#8221;middle&#8221; css=&#8221;.vc_custom_1500315016123{padding-top: 0px !important;padding-bottom: 50px !important;background-color: #f5f5f5 !important;background-position: center !important;background-repeat: no-repeat !important;background-size: cover !important;}&#8221;][vc_column width=&#8221;1\/2&#8243; css=&#8221;.vc_custom_1500056048532{padding-top: 70px !important;}&#8221;][vc_custom_heading text=&#8221;Over ons&#8221; font_container=&#8221;tag:h2|font_size:2.5rem|text_align:left&#8221; use_theme_fonts=&#8221;yes&#8221; css=&#8221;.vc_custom_1703247334691{margin-bottom: 50px !important;}&#8221;][vc_column_text css=&#8221;.vc_custom_1703247372259{padding-right: 30px !important;}&#8221;]<span style=\"font-size: 14pt;\"><strong><span style=\"color: #002f86;\">ICE Medical, gespecialiseerd in laser ontharing<\/span><\/strong><\/span><\/p>\n<p>ICE Medical, gevestigd in Amsterdam, is een toonaangevend Nederlands bedrijf met internationale operaties. Ontdek onze innovatieve lasers, perfect geschikt voor diverse huidtypen. Ze vormen een essentieel onderdeel van hedendaagse laserklinieken die streven naar uitmuntende service en hoogwaardige dienstverlening.[\/vc_column_text][vc_btn title=&#8221;Meer informatie&#8221; link=&#8221;url:https%3A%2F%2Ficemedicallasers.com%2Fover-ons%2F&#8221;][\/vc_column][vc_column width=&#8221;1\/2&#8243;][vc_single_image image=&#8221;822&#8243; img_size=&#8221;full&#8221;][\/vc_column][\/vc_row]<\/p>\n","protected":false},"excerpt":{"rendered":"<p>[vc_row][vc_column][\/vc_column][\/vc_row][vc_row full_width=&#8221;stretch_row&#8221; equal_height=&#8221;yes&#8221; content_placement=&#8221;middle&#8221; css=&#8221;.vc_custom_1500315016123{padding-top: 0px !important;padding-bottom: 50px !important;background-color: #f5f5f5 !important;background-position: center !important;background-repeat: no-repeat !important;background-size: cover !important;}&#8221;][vc_column width=&#8221;1\/2&#8243; css=&#8221;.vc_custom_1500056048532{padding-top: 70px !important;}&#8221;][vc_custom_heading text=&#8221;ICE Medical One&#8221; font_container=&#8221;tag:h2|font_size:2.5rem|text_align:left&#8221; use_theme_fonts=&#8221;yes&#8221; css=&#8221;.vc_custom_1645651516478{margin-bottom: 50px !important;}&#8221;][vc_column_text css=&#8221;.vc_custom_1645651496936{padding-right: 30px !important;}&#8221;]Revolutionaire ontwikkeling in laserontharing. De ICE Medical One maakt gebruik van de laatste ontwikkelingen in lasertechniek. Hierdoor levert het de meest veilige behandelmethode en &hellip; <a href=\"https:\/\/icemedicallasers.com\/nl\/hoofdpagina\/\" class=\"more-link\" title=\"Continue reading <span class=\"screen-reader-text\">Hoofdpagina<\/span>&#8220;>Continue reading <span class=\"screen-reader-text\">Hoofdpagina<\/span><\/a><\/p>\n","protected":false},"author":1,"featured_media":0,"parent":0,"menu_order":0,"comment_status":"closed","ping_status":"closed","template":"","meta":{"footnotes":""},"class_list":["post-741","page","type-page","status-publish","hentry"],"yoast_head":"<!-- This site is optimized with the Yoast SEO plugin v27.5 - https:\/\/yoast.com\/product\/yoast-seo-wordpress\/ -->\n<title>Hoofdpagina - ICE Medical Lasers<\/title>\n<meta name=\"description\" content=\"Ontdek ICE Medical One, de grensverleggende technologie voor laserontharing. Veilig, effici\u00ebnt en pijnloos voor alle haartypes. Beleef de revolutie in ontharingstechniek en verhoog uw kliniekeffici\u00ebntie.\" \/>\n<meta name=\"robots\" content=\"index, follow, max-snippet:-1, max-image-preview:large, max-video-preview:-1\" \/>\n<link rel=\"canonical\" href=\"https:\/\/icemedicallasers.com\/nl\/hoofdpagina\/\" \/>\n<meta property=\"og:locale\" content=\"nl_NL\" \/>\n<meta property=\"og:type\" content=\"article\" \/>\n<meta property=\"og:title\" content=\"Hoofdpagina - ICE Medical Lasers\" \/>\n<meta property=\"og:description\" content=\"Ontdek ICE Medical One, de grensverleggende technologie voor laserontharing. Veilig, effici\u00ebnt en pijnloos voor alle haartypes. Beleef de revolutie in ontharingstechniek en verhoog uw kliniekeffici\u00ebntie.\" \/>\n<meta property=\"og:url\" content=\"https:\/\/icemedicallasers.com\/nl\/hoofdpagina\/\" \/>\n<meta property=\"og:site_name\" content=\"ICE Medical Lasers\" \/>\n<meta property=\"article:modified_time\" content=\"2023-12-22T12:17:16+00:00\" \/>\n<meta name=\"twitter:card\" content=\"summary_large_image\" \/>\n<meta name=\"twitter:label1\" content=\"Geschatte leestijd\" \/>\n\t<meta name=\"twitter:data1\" content=\"2 minuten\" \/>\n<script type=\"application\/ld+json\" class=\"yoast-schema-graph\">{\"@context\":\"https:\\\/\\\/schema.org\",\"@graph\":[{\"@type\":\"WebPage\",\"@id\":\"https:\\\/\\\/icemedicallasers.com\\\/nl\\\/hoofdpagina\\\/\",\"url\":\"https:\\\/\\\/icemedicallasers.com\\\/nl\\\/hoofdpagina\\\/\",\"name\":\"Hoofdpagina - ICE Medical Lasers\",\"isPartOf\":{\"@id\":\"https:\\\/\\\/icemedicallasers.com\\\/nl\\\/#website\"},\"datePublished\":\"2022-02-23T20:01:15+00:00\",\"dateModified\":\"2023-12-22T12:17:16+00:00\",\"description\":\"Ontdek ICE Medical One, de grensverleggende technologie voor laserontharing. Veilig, effici\u00ebnt en pijnloos voor alle haartypes. Beleef de revolutie in ontharingstechniek en verhoog uw kliniekeffici\u00ebntie.\",\"breadcrumb\":{\"@id\":\"https:\\\/\\\/icemedicallasers.com\\\/nl\\\/hoofdpagina\\\/#breadcrumb\"},\"inLanguage\":\"nl-NL\",\"potentialAction\":[{\"@type\":\"ReadAction\",\"target\":[\"https:\\\/\\\/icemedicallasers.com\\\/nl\\\/hoofdpagina\\\/\"]}]},{\"@type\":\"BreadcrumbList\",\"@id\":\"https:\\\/\\\/icemedicallasers.com\\\/nl\\\/hoofdpagina\\\/#breadcrumb\",\"itemListElement\":[{\"@type\":\"ListItem\",\"position\":1,\"name\":\"Home\",\"item\":\"https:\\\/\\\/icemedicallasers.com\\\/nl\\\/\"},{\"@type\":\"ListItem\",\"position\":2,\"name\":\"Hoofdpagina\"}]},{\"@type\":\"WebSite\",\"@id\":\"https:\\\/\\\/icemedicallasers.com\\\/nl\\\/#website\",\"url\":\"https:\\\/\\\/icemedicallasers.com\\\/nl\\\/\",\"name\":\"ICE Medical Lasers\",\"description\":\"Groothandel medische lasers.\",\"potentialAction\":[{\"@type\":\"SearchAction\",\"target\":{\"@type\":\"EntryPoint\",\"urlTemplate\":\"https:\\\/\\\/icemedicallasers.com\\\/nl\\\/?s={search_term_string}\"},\"query-input\":{\"@type\":\"PropertyValueSpecification\",\"valueRequired\":true,\"valueName\":\"search_term_string\"}}],\"inLanguage\":\"nl-NL\"}]}<\/script>\n<!-- \/ Yoast SEO plugin. -->","yoast_head_json":{"title":"Hoofdpagina - ICE Medical Lasers","description":"Ontdek ICE Medical One, de grensverleggende technologie voor laserontharing. Veilig, effici\u00ebnt en pijnloos voor alle haartypes. Beleef de revolutie in ontharingstechniek en verhoog uw kliniekeffici\u00ebntie.","robots":{"index":"index","follow":"follow","max-snippet":"max-snippet:-1","max-image-preview":"max-image-preview:large","max-video-preview":"max-video-preview:-1"},"canonical":"https:\/\/icemedicallasers.com\/nl\/hoofdpagina\/","og_locale":"nl_NL","og_type":"article","og_title":"Hoofdpagina - ICE Medical Lasers","og_description":"Ontdek ICE Medical One, de grensverleggende technologie voor laserontharing. Veilig, effici\u00ebnt en pijnloos voor alle haartypes. Beleef de revolutie in ontharingstechniek en verhoog uw kliniekeffici\u00ebntie.","og_url":"https:\/\/icemedicallasers.com\/nl\/hoofdpagina\/","og_site_name":"ICE Medical Lasers","article_modified_time":"2023-12-22T12:17:16+00:00","twitter_card":"summary_large_image","twitter_misc":{"Geschatte leestijd":"2 minuten"},"schema":{"@context":"https:\/\/schema.org","@graph":[{"@type":"WebPage","@id":"https:\/\/icemedicallasers.com\/nl\/hoofdpagina\/","url":"https:\/\/icemedicallasers.com\/nl\/hoofdpagina\/","name":"Hoofdpagina - ICE Medical Lasers","isPartOf":{"@id":"https:\/\/icemedicallasers.com\/nl\/#website"},"datePublished":"2022-02-23T20:01:15+00:00","dateModified":"2023-12-22T12:17:16+00:00","description":"Ontdek ICE Medical One, de grensverleggende technologie voor laserontharing. Veilig, effici\u00ebnt en pijnloos voor alle haartypes. Beleef de revolutie in ontharingstechniek en verhoog uw kliniekeffici\u00ebntie.","breadcrumb":{"@id":"https:\/\/icemedicallasers.com\/nl\/hoofdpagina\/#breadcrumb"},"inLanguage":"nl-NL","potentialAction":[{"@type":"ReadAction","target":["https:\/\/icemedicallasers.com\/nl\/hoofdpagina\/"]}]},{"@type":"BreadcrumbList","@id":"https:\/\/icemedicallasers.com\/nl\/hoofdpagina\/#breadcrumb","itemListElement":[{"@type":"ListItem","position":1,"name":"Home","item":"https:\/\/icemedicallasers.com\/nl\/"},{"@type":"ListItem","position":2,"name":"Hoofdpagina"}]},{"@type":"WebSite","@id":"https:\/\/icemedicallasers.com\/nl\/#website","url":"https:\/\/icemedicallasers.com\/nl\/","name":"ICE Medical Lasers","description":"Groothandel medische lasers.","potentialAction":[{"@type":"SearchAction","target":{"@type":"EntryPoint","urlTemplate":"https:\/\/icemedicallasers.com\/nl\/?s={search_term_string}"},"query-input":{"@type":"PropertyValueSpecification","valueRequired":true,"valueName":"search_term_string"}}],"inLanguage":"nl-NL"}]}},"_links":{"self":[{"href":"https:\/\/icemedicallasers.com\/nl\/wp-json\/wp\/v2\/pages\/741","targetHints":{"allow":["GET"]}}],"collection":[{"href":"https:\/\/icemedicallasers.com\/nl\/wp-json\/wp\/v2\/pages"}],"about":[{"href":"https:\/\/icemedicallasers.com\/nl\/wp-json\/wp\/v2\/types\/page"}],"author":[{"embeddable":true,"href":"https:\/\/icemedicallasers.com\/nl\/wp-json\/wp\/v2\/users\/1"}],"replies":[{"embeddable":true,"href":"https:\/\/icemedicallasers.com\/nl\/wp-json\/wp\/v2\/comments?post=741"}],"version-history":[{"count":29,"href":"https:\/\/icemedicallasers.com\/nl\/wp-json\/wp\/v2\/pages\/741\/revisions"}],"predecessor-version":[{"id":944,"href":"https:\/\/icemedicallasers.com\/nl\/wp-json\/wp\/v2\/pages\/741\/revisions\/944"}],"wp:attachment":[{"href":"https:\/\/icemedicallasers.com\/nl\/wp-json\/wp\/v2\/media?parent=741"}],"curies":[{"name":"wp","href":"https:\/\/api.w.org\/{rel}","templated":true}]}}