{"id":833,"date":"2022-03-17T20:58:04","date_gmt":"2022-03-17T20:58:04","guid":{"rendered":"http:\/\/icemedicallasers.com\/?page_id=833"},"modified":"2022-03-17T21:09:32","modified_gmt":"2022-03-17T21:09:32","slug":"hoofdpagina-backup","status":"publish","type":"page","link":"https:\/\/icemedicallasers.com\/nl\/hoofdpagina-backup\/","title":{"rendered":"hoofdpagina backup"},"content":{"rendered":"<p>[vc_row][vc_column]\n\t\t\t<!-- START Sliderhoofdpagina REVOLUTION SLIDER 6.5.15 --><p class=\"rs-p-wp-fix\"><\/p>\n\t\t\t<rs-module-wrap id=\"rev_slider_2_1_wrapper\" data-source=\"gallery\" style=\"visibility:hidden;background:#111c24;padding:0;margin:0px auto;margin-top:0;margin-bottom:0;\">\n\t\t\t\t<rs-module id=\"rev_slider_2_1\" style=\"\" data-version=\"6.5.15\">\n\t\t\t\t\t<rs-slides>\n\t\t\t\t\t\t<rs-slide style=\"position: absolute;\" data-key=\"rs-3\" data-title=\"Slide\" data-anim=\"f:random;\" data-in=\"o:0;sx:1.1;sy:1.1;m:true;row:5;col:5;\" data-out=\"a:false;\">\n\t\t\t\t\t\t\t<img fetchpriority=\"high\" decoding=\"async\" src=\"\/\/icemedicallasers.com\/wp-content\/plugins\/revslider\/public\/assets\/assets\/dummy.png\" alt=\"\" title=\"icemedical-slide (6)\" width=\"1440\" height=\"700\" class=\"rev-slidebg tp-rs-img rs-lazyload\" data-lazyload=\"\/\/icemedicallasers.com\/wp-content\/uploads\/2022\/02\/icemedical-slide-6.png\" data-no-retina>\n<!--\n\t\t\t\t\t\t\t--><p\n\t\t\t\t\t\t\t\tid=\"slider-2-slide-3-layer-2\" \n\t\t\t\t\t\t\t\tclass=\"rs-layer\"\n\t\t\t\t\t\t\t\tdata-type=\"text\"\n\t\t\t\t\t\t\t\tdata-color=\"#1c72b9||#1c72b9||#1c72b9||rgba(255, 255, 255, 1)\"\n\t\t\t\t\t\t\t\tdata-rsp_ch=\"on\"\n\t\t\t\t\t\t\t\tdata-xy=\"xo:19px,19px,19px,20px;y:m;yo:-97px,-97px,-97px,-96px;\"\n\t\t\t\t\t\t\t\tdata-text=\"s:64,64,64,44;l:64,64,64,44;ls:4px;fw:700;a:inherit;\"\n\t\t\t\t\t\t\t\tdata-frame_0=\"y:100%;\"\n\t\t\t\t\t\t\t\tdata-frame_1=\"e:power4.inOut;st:380;sp:2000;sR:380;\"\n\t\t\t\t\t\t\t\tdata-frame_999=\"o:0;st:w;sR:6620;\"\n\t\t\t\t\t\t\t\tstyle=\"z-index:6;font-family:'Oswald';cursor:pointer;\"\n\t\t\t\t\t\t\t>ICE MEDICAL ONE \n\t\t\t\t\t\t\t<\/p><!--\n\n\t\t\t\t\t\t\t--><p\n\t\t\t\t\t\t\t\tid=\"slider-2-slide-3-layer-3\" \n\t\t\t\t\t\t\t\tclass=\"rs-layer tp-shape tp-shapewrapper\"\n\t\t\t\t\t\t\t\tdata-type=\"shape\"\n\t\t\t\t\t\t\t\tdata-rsp_ch=\"on\"\n\t\t\t\t\t\t\t\tdata-xy=\"xo:20px;y:m;yo:-28px;\"\n\t\t\t\t\t\t\t\tdata-text=\"a:inherit;\"\n\t\t\t\t\t\t\t\tdata-dim=\"w:164px;h:4px;\"\n\t\t\t\t\t\t\t\tdata-frame_0=\"x:-100%;o:1;\"\n\t\t\t\t\t\t\t\tdata-frame_1=\"st:1560;sp:1500;sR:1560;\"\n\t\t\t\t\t\t\t\tdata-frame_999=\"o:0;st:w;sR:5940;\"\n\t\t\t\t\t\t\t\tstyle=\"z-index:7;background-color:rgba(63,179,255,1);cursor:pointer;\"\n\t\t\t\t\t\t\t> \n\t\t\t\t\t\t\t<\/p><!--\n\n\t\t\t\t\t\t\t--><p\n\t\t\t\t\t\t\t\tid=\"slider-2-slide-3-layer-4\" \n\t\t\t\t\t\t\t\tclass=\"rs-layer\"\n\t\t\t\t\t\t\t\tdata-type=\"text\"\n\t\t\t\t\t\t\t\tdata-color=\"#1c72b9||#1c72b9||#1c72b9||#ffffff\"\n\t\t\t\t\t\t\t\tdata-rsp_ch=\"on\"\n\t\t\t\t\t\t\t\tdata-xy=\"xo:20px,20px,20px,18px;y:m;yo:49px;\"\n\t\t\t\t\t\t\t\tdata-text=\"s:16;l:22;a:inherit;\"\n\t\t\t\t\t\t\t\tdata-dim=\"w:466px,466px,466px,442px;h:89px,89px,89px,90px;\"\n\t\t\t\t\t\t\t\tdata-frame_0=\"y:100%;\"\n\t\t\t\t\t\t\t\tdata-frame_1=\"e:power4.inOut;st:380;sp:2000;sR:380;\"\n\t\t\t\t\t\t\t\tdata-frame_999=\"o:0;st:w;sR:6620;\"\n\t\t\t\t\t\t\t\tstyle=\"z-index:8;font-family:'Open Sans';cursor:pointer;\"\n\t\t\t\t\t\t\t>De nieuwste technologie in laserontharing.<br>Bewezen effectief, pijnloos ontharen voor elk haartype!\n \n\t\t\t\t\t\t\t<\/p><!--\n\n\t\t\t\t\t\t\t--><p\n\t\t\t\t\t\t\t\tid=\"slider-2-slide-3-layer-8\" \n\t\t\t\t\t\t\t\tclass=\"rs-layer rev-btn\"\n\t\t\t\t\t\t\t\tdata-type=\"button\"\n\t\t\t\t\t\t\t\tdata-color=\"#1c72b9\"\n\t\t\t\t\t\t\t\tdata-xy=\"xo:20px;y:m;yo:101px;\"\n\t\t\t\t\t\t\t\tdata-text=\"s:17;l:17;ls:2px;a:inherit;\"\n\t\t\t\t\t\t\t\tdata-padding=\"t:12;r:35;b:12;l:35;\"\n\t\t\t\t\t\t\t\tdata-border=\"bos:solid;boc:#3fb3ff;bow:3px,3px,3px,3px;bor:30px,30px,30px,30px;\"\n\t\t\t\t\t\t\t\tdata-frame_0=\"y:100%;\"\n\t\t\t\t\t\t\t\tdata-frame_1=\"e:power4.inOut;st:370;sp:2000;sR:370;\"\n\t\t\t\t\t\t\t\tdata-frame_999=\"o:0;st:w;sR:6630;\"\n\t\t\t\t\t\t\t\tdata-frame_hover=\"c:#fff;bgc:#3fb3ff;boc:#3fb3ff;bor:30px,30px,30px,30px;bos:solid;bow:3px,3px,3px,3px;oX:50;oY:50;sp:0;e:none;\"\n\t\t\t\t\t\t\t\tstyle=\"z-index:9;font-family:'Oswald';cursor:pointer;outline:none;box-shadow:none;box-sizing:border-box;-moz-box-sizing:border-box;-webkit-box-sizing:border-box;\"\n\t\t\t\t\t\t\t>MEER INFORMATIE \n\t\t\t\t\t\t\t<\/p><!--\n-->\t\t\t\t\t\t<\/rs-slide>\n\t\t\t\t\t<\/rs-slides>\n\t\t\t\t<\/rs-module>\n\t\t\t\t<script>\n\t\t\t\t\tsetREVStartSize({c: 'rev_slider_2_1',rl:[1240,1240,778,480],el:[550,550,560,620],gw:[1170,1170,778,480],gh:[550,550,560,620],type:'standard',justify:'',layout:'fullwidth',mh:\"0\"});if (window.RS_MODULES!==undefined && window.RS_MODULES.modules!==undefined && window.RS_MODULES.modules[\"revslider21\"]!==undefined) {window.RS_MODULES.modules[\"revslider21\"].once = false;window.revapi2 = undefined;if (window.RS_MODULES.checkMinimal!==undefined) window.RS_MODULES.checkMinimal()}\n\t\t\t\t<\/script>\n\t\t\t<\/rs-module-wrap>\n\t\t\t<!-- END REVOLUTION SLIDER -->\n[\/vc_column][\/vc_row][vc_row full_width=&#8221;stretch_row&#8221; equal_height=&#8221;yes&#8221; content_placement=&#8221;middle&#8221; css=&#8221;.vc_custom_1500315016123{padding-top: 0px !important;padding-bottom: 50px !important;background-color: #f5f5f5 !important;background-position: center !important;background-repeat: no-repeat !important;background-size: cover !important;}&#8221;][vc_column width=&#8221;1\/2&#8243; css=&#8221;.vc_custom_1500056048532{padding-top: 70px !important;}&#8221;][vc_custom_heading text=&#8221;ICE Medical One&#8221; font_container=&#8221;tag:h2|font_size:2.5rem|text_align:left&#8221; use_theme_fonts=&#8221;yes&#8221; css=&#8221;.vc_custom_1645651516478{margin-bottom: 50px !important;}&#8221;][vc_column_text css=&#8221;.vc_custom_1645651496936{padding-right: 30px !important;}&#8221;]<span style=\"font-size: 14pt;\"><strong><span style=\"color: #002f86;\">Revolutionaire ontwikkeling in laserontharing.<\/span><\/strong><\/span><\/p>\n<p><span class=\"TextRun SCXW60383948 BCX0\" lang=\"NL-NL\" xml:lang=\"NL-NL\" data-contrast=\"auto\"><span class=\"NormalTextRun SCXW60383948 BCX0\">De ICE <\/span><span class=\"SpellingError SCXW60383948 BCX0\">Medical<\/span> <span class=\"SpellingError SCXW60383948 BCX0\">One<\/span><span class=\"NormalTextRun SCXW60383948 BCX0\"> maakt gebruik van de laatste ontwikkelingen in lasertechniek. Hierdoor levert het de meest veilige behandelmethode en is deze geschikt voor elk haartype. Hiernaast zijn de behandelingen effici\u00ebnter en dus sneller, waardoor er meer klanten op \u00e9\u00e9n dag behandeld kunnen worden. <\/span><\/span><span class=\"EOP SCXW60383948 BCX0\" data-ccp-props=\"{&quot;201341983&quot;:0,&quot;335559739&quot;:160,&quot;335559740&quot;:259}\">\u00a0<\/span><\/p>\n<p><a href=\"\/ice-medical-one\">Meer informatie<\/a>[\/vc_column_text][\/vc_column][vc_column width=&#8221;1\/2&#8243;][vc_single_image image=&#8221;830&#8243; img_size=&#8221;full&#8221;][\/vc_column][\/vc_row][vc_row full_width=&#8221;stretch_row_content_no_spaces&#8221; equal_height=&#8221;yes&#8221; content_placement=&#8221;middle&#8221; css=&#8221;.vc_custom_1500310345503{background-color: #f5f5f5 !important;}&#8221;][vc_column width=&#8221;1\/4&#8243; el_class=&#8221;accent-bg&#8221;][vc_custom_heading text=&#8221;ONZE PARTNERS&#8221; font_container=&#8221;tag:h2|text_align:center|color:%23ffffff&#8221; use_theme_fonts=&#8221;yes&#8221; css=&#8221;.vc_custom_1645646319514{margin-bottom: 35px !important;}&#8221;][\/vc_column][vc_column width=&#8221;3\/4&#8243; css=&#8221;.vc_custom_1500310395431{padding-top: 0px !important;}&#8221;][vc_images_carousel images=&#8221;778,775,774,776,772,779&#8243; img_size=&#8221;&#8221; onclick=&#8221;link_no&#8221; slides_per_view=&#8221;6&#8243; hide_pagination_control=&#8221;yes&#8221; hide_prev_next_buttons=&#8221;yes&#8221; wrap=&#8221;yes&#8221; css=&#8221;.vc_custom_1645647701526{margin-bottom: 0px !important;padding-top: 0px !important;padding-right: 40px !important;padding-left: 40px !important;}&#8221;][\/vc_column][\/vc_row][vc_row css=&#8221;.vc_custom_1500228421279{padding-top: 60px !important;padding-bottom: 60px !important;}&#8221;][vc_column width=&#8221;1\/2&#8243;][vc_custom_heading text=&#8221;NEEM CONTACT OP&#8221; font_container=&#8221;tag:h2|font_size:42px|text_align:left&#8221; use_theme_fonts=&#8221;yes&#8221; css=&#8221;.vc_custom_1645646544107{margin-bottom: 20px !important;}&#8221;][vc_column_text]<\/p>\n<p class=\"lead\">E: info@icemedicallasers.com<br \/>\nT: +31 20 ???????<\/p>\n<p class=\"lead\">Ons team staat klaar voor jou en jouw vragen. Dus als je meer wilt weten over ons, ons bedrijf of laseroplossingen: wij zijn er voor jou.<\/p>\n<p class=\"lead\">We zijn geopend van maandag tot en met vrijdag van 09:00 tot 17:00. Wij streven ernaar om binnen 48 te reageren.<\/p>\n<p>[\/vc_column_text][\/vc_column][vc_column width=&#8221;5\/12&#8243; offset=&#8221;vc_col-lg-offset-1 vc_col-md-offset-1&#8243;]<p class=\"wpcf7-contact-form-not-found\"><strong>Fout:<\/strong> Contact formulier niet gevonden.<\/p>[\/vc_column][\/vc_row]<\/p>\n","protected":false},"excerpt":{"rendered":"<p>[vc_row][vc_column][\/vc_column][\/vc_row][vc_row full_width=&#8221;stretch_row&#8221; equal_height=&#8221;yes&#8221; content_placement=&#8221;middle&#8221; css=&#8221;.vc_custom_1500315016123{padding-top: 0px !important;padding-bottom: 50px !important;background-color: #f5f5f5 !important;background-position: center !important;background-repeat: no-repeat !important;background-size: cover !important;}&#8221;][vc_column width=&#8221;1\/2&#8243; css=&#8221;.vc_custom_1500056048532{padding-top: 70px !important;}&#8221;][vc_custom_heading text=&#8221;ICE Medical One&#8221; font_container=&#8221;tag:h2|font_size:2.5rem|text_align:left&#8221; use_theme_fonts=&#8221;yes&#8221; css=&#8221;.vc_custom_1645651516478{margin-bottom: 50px !important;}&#8221;][vc_column_text css=&#8221;.vc_custom_1645651496936{padding-right: 30px !important;}&#8221;]Revolutionaire ontwikkeling in laserontharing. De ICE Medical One maakt gebruik van de laatste ontwikkelingen in lasertechniek. Hierdoor levert het de meest veilige behandelmethode en &hellip; <a href=\"https:\/\/icemedicallasers.com\/nl\/hoofdpagina-backup\/\" class=\"more-link\" title=\"Continue reading <span class=\"screen-reader-text\">hoofdpagina backup<\/span>&#8220;>Continue reading <span class=\"screen-reader-text\">hoofdpagina backup<\/span><\/a><\/p>\n","protected":false},"author":1,"featured_media":0,"parent":0,"menu_order":0,"comment_status":"closed","ping_status":"closed","template":"","meta":{"footnotes":""},"class_list":["post-833","page","type-page","status-publish","hentry"],"yoast_head":"<!-- This site is optimized with the Yoast SEO plugin v27.5 - https:\/\/yoast.com\/product\/yoast-seo-wordpress\/ -->\n<title>hoofdpagina backup - ICE Medical Lasers<\/title>\n<meta name=\"robots\" content=\"index, follow, max-snippet:-1, max-image-preview:large, max-video-preview:-1\" \/>\n<link rel=\"canonical\" href=\"https:\/\/icemedicallasers.com\/nl\/hoofdpagina-backup\/\" \/>\n<meta property=\"og:locale\" content=\"nl_NL\" \/>\n<meta property=\"og:type\" content=\"article\" \/>\n<meta property=\"og:title\" content=\"hoofdpagina backup - ICE Medical Lasers\" \/>\n<meta property=\"og:description\" content=\"[vc_row][vc_column][\/vc_column][\/vc_row][vc_row full_width=&#8221;stretch_row&#8221; equal_height=&#8221;yes&#8221; content_placement=&#8221;middle&#8221; css=&#8221;.vc_custom_1500315016123{padding-top: 0px !important;padding-bottom: 50px !important;background-color: #f5f5f5 !important;background-position: center !important;background-repeat: no-repeat !important;background-size: cover !important;}&#8221;][vc_column width=&#8221;1\/2&#8243; css=&#8221;.vc_custom_1500056048532{padding-top: 70px !important;}&#8221;][vc_custom_heading text=&#8221;ICE Medical One&#8221; font_container=&#8221;tag:h2|font_size:2.5rem|text_align:left&#8221; use_theme_fonts=&#8221;yes&#8221; css=&#8221;.vc_custom_1645651516478{margin-bottom: 50px !important;}&#8221;][vc_column_text css=&#8221;.vc_custom_1645651496936{padding-right: 30px !important;}&#8221;]Revolutionaire ontwikkeling in laserontharing. De ICE Medical One maakt gebruik van de laatste ontwikkelingen in lasertechniek. Hierdoor levert het de meest veilige behandelmethode en &hellip; Continue reading hoofdpagina backup\" \/>\n<meta property=\"og:url\" content=\"https:\/\/icemedicallasers.com\/nl\/hoofdpagina-backup\/\" \/>\n<meta property=\"og:site_name\" content=\"ICE Medical Lasers\" \/>\n<meta property=\"article:modified_time\" content=\"2022-03-17T21:09:32+00:00\" \/>\n<meta name=\"twitter:card\" content=\"summary_large_image\" \/>\n<meta name=\"twitter:label1\" content=\"Geschatte leestijd\" \/>\n\t<meta name=\"twitter:data1\" content=\"2 minuten\" \/>\n<script type=\"application\/ld+json\" class=\"yoast-schema-graph\">{\"@context\":\"https:\\\/\\\/schema.org\",\"@graph\":[{\"@type\":\"WebPage\",\"@id\":\"https:\\\/\\\/icemedicallasers.com\\\/nl\\\/hoofdpagina-backup\\\/\",\"url\":\"https:\\\/\\\/icemedicallasers.com\\\/nl\\\/hoofdpagina-backup\\\/\",\"name\":\"hoofdpagina backup - ICE Medical Lasers\",\"isPartOf\":{\"@id\":\"https:\\\/\\\/icemedicallasers.com\\\/nl\\\/#website\"},\"datePublished\":\"2022-03-17T20:58:04+00:00\",\"dateModified\":\"2022-03-17T21:09:32+00:00\",\"breadcrumb\":{\"@id\":\"https:\\\/\\\/icemedicallasers.com\\\/nl\\\/hoofdpagina-backup\\\/#breadcrumb\"},\"inLanguage\":\"nl-NL\",\"potentialAction\":[{\"@type\":\"ReadAction\",\"target\":[\"https:\\\/\\\/icemedicallasers.com\\\/nl\\\/hoofdpagina-backup\\\/\"]}]},{\"@type\":\"BreadcrumbList\",\"@id\":\"https:\\\/\\\/icemedicallasers.com\\\/nl\\\/hoofdpagina-backup\\\/#breadcrumb\",\"itemListElement\":[{\"@type\":\"ListItem\",\"position\":1,\"name\":\"Home\",\"item\":\"https:\\\/\\\/icemedicallasers.com\\\/nl\\\/\"},{\"@type\":\"ListItem\",\"position\":2,\"name\":\"hoofdpagina backup\"}]},{\"@type\":\"WebSite\",\"@id\":\"https:\\\/\\\/icemedicallasers.com\\\/nl\\\/#website\",\"url\":\"https:\\\/\\\/icemedicallasers.com\\\/nl\\\/\",\"name\":\"ICE Medical Lasers\",\"description\":\"Groothandel medische lasers.\",\"potentialAction\":[{\"@type\":\"SearchAction\",\"target\":{\"@type\":\"EntryPoint\",\"urlTemplate\":\"https:\\\/\\\/icemedicallasers.com\\\/nl\\\/?s={search_term_string}\"},\"query-input\":{\"@type\":\"PropertyValueSpecification\",\"valueRequired\":true,\"valueName\":\"search_term_string\"}}],\"inLanguage\":\"nl-NL\"}]}<\/script>\n<!-- \/ Yoast SEO plugin. -->","yoast_head_json":{"title":"hoofdpagina backup - ICE Medical Lasers","robots":{"index":"index","follow":"follow","max-snippet":"max-snippet:-1","max-image-preview":"max-image-preview:large","max-video-preview":"max-video-preview:-1"},"canonical":"https:\/\/icemedicallasers.com\/nl\/hoofdpagina-backup\/","og_locale":"nl_NL","og_type":"article","og_title":"hoofdpagina backup - ICE Medical Lasers","og_description":"[vc_row][vc_column][\/vc_column][\/vc_row][vc_row full_width=&#8221;stretch_row&#8221; equal_height=&#8221;yes&#8221; content_placement=&#8221;middle&#8221; css=&#8221;.vc_custom_1500315016123{padding-top: 0px !important;padding-bottom: 50px !important;background-color: #f5f5f5 !important;background-position: center !important;background-repeat: no-repeat !important;background-size: cover !important;}&#8221;][vc_column width=&#8221;1\/2&#8243; css=&#8221;.vc_custom_1500056048532{padding-top: 70px !important;}&#8221;][vc_custom_heading text=&#8221;ICE Medical One&#8221; font_container=&#8221;tag:h2|font_size:2.5rem|text_align:left&#8221; use_theme_fonts=&#8221;yes&#8221; css=&#8221;.vc_custom_1645651516478{margin-bottom: 50px !important;}&#8221;][vc_column_text css=&#8221;.vc_custom_1645651496936{padding-right: 30px !important;}&#8221;]Revolutionaire ontwikkeling in laserontharing. De ICE Medical One maakt gebruik van de laatste ontwikkelingen in lasertechniek. Hierdoor levert het de meest veilige behandelmethode en &hellip; Continue reading hoofdpagina backup","og_url":"https:\/\/icemedicallasers.com\/nl\/hoofdpagina-backup\/","og_site_name":"ICE Medical Lasers","article_modified_time":"2022-03-17T21:09:32+00:00","twitter_card":"summary_large_image","twitter_misc":{"Geschatte leestijd":"2 minuten"},"schema":{"@context":"https:\/\/schema.org","@graph":[{"@type":"WebPage","@id":"https:\/\/icemedicallasers.com\/nl\/hoofdpagina-backup\/","url":"https:\/\/icemedicallasers.com\/nl\/hoofdpagina-backup\/","name":"hoofdpagina backup - ICE Medical Lasers","isPartOf":{"@id":"https:\/\/icemedicallasers.com\/nl\/#website"},"datePublished":"2022-03-17T20:58:04+00:00","dateModified":"2022-03-17T21:09:32+00:00","breadcrumb":{"@id":"https:\/\/icemedicallasers.com\/nl\/hoofdpagina-backup\/#breadcrumb"},"inLanguage":"nl-NL","potentialAction":[{"@type":"ReadAction","target":["https:\/\/icemedicallasers.com\/nl\/hoofdpagina-backup\/"]}]},{"@type":"BreadcrumbList","@id":"https:\/\/icemedicallasers.com\/nl\/hoofdpagina-backup\/#breadcrumb","itemListElement":[{"@type":"ListItem","position":1,"name":"Home","item":"https:\/\/icemedicallasers.com\/nl\/"},{"@type":"ListItem","position":2,"name":"hoofdpagina backup"}]},{"@type":"WebSite","@id":"https:\/\/icemedicallasers.com\/nl\/#website","url":"https:\/\/icemedicallasers.com\/nl\/","name":"ICE Medical Lasers","description":"Groothandel medische lasers.","potentialAction":[{"@type":"SearchAction","target":{"@type":"EntryPoint","urlTemplate":"https:\/\/icemedicallasers.com\/nl\/?s={search_term_string}"},"query-input":{"@type":"PropertyValueSpecification","valueRequired":true,"valueName":"search_term_string"}}],"inLanguage":"nl-NL"}]}},"_links":{"self":[{"href":"https:\/\/icemedicallasers.com\/nl\/wp-json\/wp\/v2\/pages\/833","targetHints":{"allow":["GET"]}}],"collection":[{"href":"https:\/\/icemedicallasers.com\/nl\/wp-json\/wp\/v2\/pages"}],"about":[{"href":"https:\/\/icemedicallasers.com\/nl\/wp-json\/wp\/v2\/types\/page"}],"author":[{"embeddable":true,"href":"https:\/\/icemedicallasers.com\/nl\/wp-json\/wp\/v2\/users\/1"}],"replies":[{"embeddable":true,"href":"https:\/\/icemedicallasers.com\/nl\/wp-json\/wp\/v2\/comments?post=833"}],"version-history":[{"count":2,"href":"https:\/\/icemedicallasers.com\/nl\/wp-json\/wp\/v2\/pages\/833\/revisions"}],"predecessor-version":[{"id":839,"href":"https:\/\/icemedicallasers.com\/nl\/wp-json\/wp\/v2\/pages\/833\/revisions\/839"}],"wp:attachment":[{"href":"https:\/\/icemedicallasers.com\/nl\/wp-json\/wp\/v2\/media?parent=833"}],"curies":[{"name":"wp","href":"https:\/\/api.w.org\/{rel}","templated":true}]}}